{"id":150,"date":"2021-06-04T12:01:10","date_gmt":"2021-06-04T16:01:10","guid":{"rendered":"https:\/\/demo.fanseethemes.com\/medical\/?page_id=4"},"modified":"2023-10-23T10:34:00","modified_gmt":"2023-10-23T14:34:00","slug":"front-page","status":"publish","type":"page","link":"https:\/\/www.creeyouthprotectioncommission.ca\/fr\/","title":{"rendered":"ACCUEIL"},"content":{"rendered":"<p class=\"has-text-align-center\" style=\"font-size:58px\"><strong>\u14ab\u14a6\u14c4\u1431\u144e\u1426\u1456\u1424<\/strong><\/p>\n\n\n\n<p class=\"has-text-align-center has-large-font-size\">maamiinupitihtaau<\/p>\n\n\n\n<div class=\"wp-block-group is-layout-constrained wp-block-group-is-layout-constrained\"><div class=\"wp-block-group__inner-container\">\n<div class=\"wp-block-cover is-light\"><span aria-hidden=\"true\" class=\"wp-block-cover__background has-background-dim-0 has-background-dim\"><\/span><img loading=\"lazy\" decoding=\"async\" width=\"1366\" height=\"500\" class=\"wp-block-cover__image-background wp-image-498\" alt=\"Baby nets\" src=\"https:\/\/creeyouthprotectioncommission.ca\/wp-content\/uploads\/2023\/04\/cropped-cropped-BabyNet_Legal-Horizontal-CYPC-500_v2.png\" data-object-fit=\"cover\" srcset=\"https:\/\/www.creeyouthprotectioncommission.ca\/wp-content\/uploads\/2023\/04\/cropped-cropped-BabyNet_Legal-Horizontal-CYPC-500_v2.png 1366w, https:\/\/www.creeyouthprotectioncommission.ca\/wp-content\/uploads\/2023\/04\/cropped-cropped-BabyNet_Legal-Horizontal-CYPC-500_v2-300x110.png 300w, https:\/\/www.creeyouthprotectioncommission.ca\/wp-content\/uploads\/2023\/04\/cropped-cropped-BabyNet_Legal-Horizontal-CYPC-500_v2-1024x375.png 1024w, https:\/\/www.creeyouthprotectioncommission.ca\/wp-content\/uploads\/2023\/04\/cropped-cropped-BabyNet_Legal-Horizontal-CYPC-500_v2-768x281.png 768w\" sizes=\"(max-width: 1366px) 100vw, 1366px\" \/><div class=\"wp-block-cover__inner-container is-layout-flow wp-block-cover-is-layout-flow\">\n<p class=\"has-text-align-center has-large-font-size\"><\/p>\n<\/div><\/div>\n\n\n\n<div class=\"wp-block-group has-text-color has-background is-layout-constrained wp-block-group-is-layout-constrained\" style=\"color:#2d1c4a;background-color:#d0c4e1\"><div class=\"wp-block-group__inner-container\">\n<h2 class=\"wp-block-heading has-text-align-center\" style=\"font-style:normal;font-weight:700\">LA PROTECTION DE LA JEUNESSE \u00c0 LA MANI\u00c8RE DES CRIS<\/h2>\n\n\n\n<p class=\"has-text-align-center\" style=\"font-size:24px\"><strong>L'objectif de la Commission de protection de la jeunesse crie est d'adapter les services de protection de la jeunesse et certains services de justice p\u00e9nale pour les jeunes de l'Eeyou Istchee \u00e0 la culture, aux valeurs, aux besoins et aux r\u00e9alit\u00e9s des Cris.<\/strong><\/p>\n<\/div><\/div>\n<\/div><\/div>\n\n\n\n<div style=\"height:40px\" aria-hidden=\"true\" class=\"wp-block-spacer\"><\/div>\n\n\n\n<h2 class=\"wp-block-heading\">Les commissaires<\/h2>\n\n\n\n<div style=\"height:20px\" aria-hidden=\"true\" class=\"wp-block-spacer\"><\/div>\n\n\n\n<div class=\"wp-block-media-text alignwide is-stacked-on-mobile\"><figure class=\"wp-block-media-text__media\"><img loading=\"lazy\" decoding=\"async\" width=\"1920\" height=\"1280\" src=\"https:\/\/creeyouthprotectioncommission.ca\/wp-content\/uploads\/2023\/04\/bella-lorraine-1920x1280-1.jpg\" alt=\"Commissioners Lorraine Spencer and Bella M. Petawabano\" class=\"wp-image-277 size-full\" srcset=\"https:\/\/www.creeyouthprotectioncommission.ca\/wp-content\/uploads\/2023\/04\/bella-lorraine-1920x1280-1.jpg 1920w, https:\/\/www.creeyouthprotectioncommission.ca\/wp-content\/uploads\/2023\/04\/bella-lorraine-1920x1280-1-300x200.jpg 300w, https:\/\/www.creeyouthprotectioncommission.ca\/wp-content\/uploads\/2023\/04\/bella-lorraine-1920x1280-1-1024x683.jpg 1024w, https:\/\/www.creeyouthprotectioncommission.ca\/wp-content\/uploads\/2023\/04\/bella-lorraine-1920x1280-1-768x512.jpg 768w, https:\/\/www.creeyouthprotectioncommission.ca\/wp-content\/uploads\/2023\/04\/bella-lorraine-1920x1280-1-1536x1024.jpg 1536w\" sizes=\"(max-width: 1920px) 100vw, 1920px\" \/><\/figure><div class=\"wp-block-media-text__content\">\n<p class=\"has-text-align-center has-medium-font-size\" id=\"block-fda3309b-beee-4163-a2d7-c613512800c5\">&nbsp;<br>\"Ce projet est une collaboration continue.\u200b\u00a0C\u2019est l\u2019esprit de la Commission : la contribution de toutes les parties concern\u00e9es. Nous poursuivrons dans cet esprit.\u200b<\/p>\n\n\n\n<p class=\"has-text-align-center has-medium-font-size\" id=\"block-fda3309b-beee-4163-a2d7-c613512800c5\">Comment? En vous \u00e9coutant.\u200b Le travail des professionnels de la sant\u00e9 mentale consiste \u00e0 \u00e9couter les autres.\u200b<\/p>\n\n\n\n<p class=\"has-text-align-center has-medium-font-size\" id=\"block-fda3309b-beee-4163-a2d7-c613512800c5\">Voici en quoi notre travail consistera, en tant que commissaires.\u200b\"<\/p>\n\n\n\n<p class=\"has-text-align-center\" id=\"block-fda3309b-beee-4163-a2d7-c613512800c5\">- Les commissaires Lorraine Spencer et Bella M. Petawabano<\/p>\n\n\n\n<div class=\"wp-block-buttons is-content-justification-center is-layout-flex wp-container-core-buttons-layout-1 wp-block-buttons-is-layout-flex\">\n<div class=\"wp-block-button has-custom-width wp-block-button__width-75 has-custom-font-size has-medium-font-size\" style=\"font-style:normal;font-weight:800\"><a class=\"wp-block-button__link has-black-color has-text-color has-background has-text-align-center wp-element-button\" href=\"http:\/\/www.creeyouthprotectioncommission.com\/about\/meet-the-commissioners\" style=\"background-color:#d0c4e1\">Les commissaires<\/a><\/div>\n<\/div>\n<\/div><\/div>\n\n\n\n<div style=\"height:20px\" aria-hidden=\"true\" class=\"wp-block-spacer\"><\/div>\n\n\n\n<div class=\"wp-block-group has-white-color has-text-color has-background is-layout-constrained wp-block-group-is-layout-constrained\" style=\"background-color:#2d1c4a\"><div class=\"wp-block-group__inner-container\">\n<h2 class=\"wp-block-heading has-text-align-center has-white-color has-text-color has-background\" style=\"background-color:#2d1c4a\"><strong>COMMENT PARTICIPER ?<\/strong><\/h2>\n\n\n\n<p class=\"has-text-align-center has-white-color has-text-color has-background has-medium-font-size\" style=\"background-color:#2d1c4a;font-style:normal;font-weight:600\">Vos id\u00e9es nous aideront mieux comprendre les causes fondamentales du probl\u00e8me, comment renforcer les efforts collectifs, restaurer et remodeler la fa\u00e7on dont nos communaut\u00e9s et le CCSSSBJ s\u2019occupent de tous nos enfants.\u200b<\/p>\n\n\n\n<div class=\"wp-block-buttons is-content-justification-center is-layout-flex wp-container-core-buttons-layout-2 wp-block-buttons-is-layout-flex\">\n<div class=\"wp-block-button\" style=\"font-style:normal;font-weight:600\"><a class=\"wp-block-button__link has-black-color has-text-color has-background has-text-align-center wp-element-button\" href=\"https:\/\/www.creeyouthprotectioncommission.com\/events\" style=\"background-color:#d0c4e1\">Rencontrez-nous !<\/a><\/div>\n<\/div>\n\n\n\n<div style=\"height:40px\" aria-hidden=\"true\" class=\"wp-block-spacer\"><\/div>\n<\/div><\/div>\n\n\n\n<div style=\"height:60px\" aria-hidden=\"true\" class=\"wp-block-spacer\"><\/div>\n\n\n\n<div class=\"wp-block-columns is-layout-flex wp-container-core-columns-layout-1 wp-block-columns-is-layout-flex\">\n<div class=\"wp-block-column is-layout-flow wp-block-column-is-layout-flow\"><div class=\"wp-block-image\">\n<figure class=\"aligncenter size-large is-resized\"><img loading=\"lazy\" decoding=\"async\" src=\"https:\/\/www.creeyouthprotectioncommission.ca\/wp-content\/uploads\/2023\/04\/nets-gp-500.png\" alt=\"\" style=\"object-fit:cover;width:300px;height:300px\" width=\"300\" height=\"300\"\/><\/figure><\/div>\n\n\n<h2 class=\"wp-block-heading has-text-align-center\"><strong>Grand public<\/strong><\/h2>\n\n\n\n<p class=\"has-text-align-center\">Les commissaires effectueront une tourn\u00e9e des communaut\u00e9s.<\/p>\n\n\n\n<div class=\"wp-block-buttons is-content-justification-center is-layout-flex wp-container-core-buttons-layout-3 wp-block-buttons-is-layout-flex\">\n<div class=\"wp-block-button\"><a class=\"wp-block-button__link has-text-align-center wp-element-button\" href=\"https:\/\/www.creeyouthprotectioncommission.ca\/fr\/how-to-participate\/general-public\/\">En savoir plus<\/a><\/div>\n<\/div>\n\n\n\n<div style=\"height:20px\" aria-hidden=\"true\" class=\"wp-block-spacer\"><\/div>\n<\/div>\n\n\n\n<div class=\"wp-block-column is-layout-flow wp-block-column-is-layout-flow\"><div class=\"wp-block-image\">\n<figure class=\"aligncenter size-large is-resized\"><img loading=\"lazy\" decoding=\"async\" src=\"https:\/\/www.creeyouthprotectioncommission.ca\/wp-content\/uploads\/2023\/04\/net-employee-500.png\" alt=\"\" style=\"object-fit:cover;width:300px;height:300px\" width=\"300\" height=\"300\"\/><\/figure><\/div>\n\n\n<h2 class=\"wp-block-heading has-text-align-center\"><strong>Personnel du CCSSSBJ<\/strong><\/h2>\n\n\n\n<p class=\"has-text-align-center\">Different ways of consulting for different groups of employees.<\/p>\n\n\n\n<div class=\"wp-block-buttons is-content-justification-center is-layout-flex wp-container-core-buttons-layout-4 wp-block-buttons-is-layout-flex\">\n<div class=\"wp-block-button\"><a class=\"wp-block-button__link has-text-align-center wp-element-button\" href=\"https:\/\/www.creeyouthprotectioncommission.ca\/fr\/how-to-participate\/cbhssjb-employees\/\">En savoir plus<\/a><\/div>\n<\/div>\n\n\n\n<div style=\"height:20px\" aria-hidden=\"true\" class=\"wp-block-spacer\"><\/div>\n<\/div>\n\n\n\n<div class=\"wp-block-column is-layout-flow wp-block-column-is-layout-flow\"><div class=\"wp-block-image\">\n<figure class=\"aligncenter size-large is-resized\"><img loading=\"lazy\" decoding=\"async\" src=\"https:\/\/www.creeyouthprotectioncommission.ca\/wp-content\/uploads\/2023\/04\/net-support-500.png\" alt=\"\" style=\"object-fit:cover;width:300px;height:300px\" width=\"300\" height=\"300\"\/><\/figure><\/div>\n\n\n<h2 class=\"wp-block-heading has-text-align-center\"><strong>Soutien aux participants<\/strong><\/h2>\n\n\n\n<p class=\"has-text-align-center\">Des conseillers form\u00e9s sont disponibles.<\/p>\n\n\n\n<div class=\"wp-block-buttons is-content-justification-center is-layout-flex wp-container-core-buttons-layout-5 wp-block-buttons-is-layout-flex\">\n<div class=\"wp-block-button\"><a class=\"wp-block-button__link wp-element-button\" href=\"https:\/\/www.creeyouthprotectioncommission.ca\/fr\/how-to-participate\/support-for-participants\/\">En savoir plus<\/a><\/div>\n<\/div>\n\n\n\n<div style=\"height:20px\" aria-hidden=\"true\" class=\"wp-block-spacer\"><\/div>\n<\/div>\n<\/div>\n\n\n\n<div style=\"height:20px\" aria-hidden=\"true\" class=\"wp-block-spacer\"><\/div>\n\n\n\n<h2 class=\"wp-block-heading\">VIDEO: <strong>A brief overview of Youth Protection in Eeyou Istchee<\/strong> \u1404\u1528\u1528\u1405\u1528\u14a7\u140e\u14d0 | IIYIYIUYIMUWIN<\/h2>\n\n\n\n<figure class=\"wp-block-embed aligncenter is-type-video is-provider-vimeo wp-block-embed-vimeo wp-embed-aspect-18-9 wp-has-aspect-ratio\"><div class=\"wp-block-embed__wrapper\">\n<iframe loading=\"lazy\" title=\"A brief overview of Youth Protection in Eeyou Istchee\" src=\"https:\/\/player.vimeo.com\/video\/869692257?h=9ee76423f8&amp;dnt=1&amp;app_id=122963\" width=\"640\" height=\"320\" frameborder=\"0\" allow=\"autoplay; fullscreen; picture-in-picture\"><\/iframe>\n<\/div><\/figure>","protected":false},"excerpt":{"rendered":"<p>Our goal is to adapt Youth Protection Services and certain Youth Criminal Justice Services in\u00a0Eeyou\u00a0Istchee\u00a0to Cree culture, values,\u00a0needs and realities.\u200b<\/p>","protected":false},"author":5,"featured_media":410,"parent":0,"menu_order":0,"comment_status":"closed","ping_status":"closed","template":"","meta":{"footnotes":""},"_links":{"self":[{"href":"https:\/\/www.creeyouthprotectioncommission.ca\/fr\/wp-json\/wp\/v2\/pages\/150"}],"collection":[{"href":"https:\/\/www.creeyouthprotectioncommission.ca\/fr\/wp-json\/wp\/v2\/pages"}],"about":[{"href":"https:\/\/www.creeyouthprotectioncommission.ca\/fr\/wp-json\/wp\/v2\/types\/page"}],"author":[{"embeddable":true,"href":"https:\/\/www.creeyouthprotectioncommission.ca\/fr\/wp-json\/wp\/v2\/users\/5"}],"replies":[{"embeddable":true,"href":"https:\/\/www.creeyouthprotectioncommission.ca\/fr\/wp-json\/wp\/v2\/comments?post=150"}],"version-history":[{"count":94,"href":"https:\/\/www.creeyouthprotectioncommission.ca\/fr\/wp-json\/wp\/v2\/pages\/150\/revisions"}],"predecessor-version":[{"id":1163,"href":"https:\/\/www.creeyouthprotectioncommission.ca\/fr\/wp-json\/wp\/v2\/pages\/150\/revisions\/1163"}],"wp:featuredmedia":[{"embeddable":true,"href":"https:\/\/www.creeyouthprotectioncommission.ca\/fr\/wp-json\/wp\/v2\/media\/410"}],"wp:attachment":[{"href":"https:\/\/www.creeyouthprotectioncommission.ca\/fr\/wp-json\/wp\/v2\/media?parent=150"}],"curies":[{"name":"wp","href":"https:\/\/api.w.org\/{rel}","templated":true}]}}