{"id":274,"date":"2023-04-14T09:17:14","date_gmt":"2023-04-14T13:17:14","guid":{"rendered":"https:\/\/creeyouthprotectioncommission.ca\/?page_id=274"},"modified":"2023-09-06T07:16:52","modified_gmt":"2023-09-06T11:16:52","slug":"general-public","status":"publish","type":"page","link":"https:\/\/www.creeyouthprotectioncommission.ca\/fr\/how-to-participate\/general-public\/","title":{"rendered":"Grand public"},"content":{"rendered":"<p class=\"has-medium-font-size\">La Commission invite tous les membres du public \u00e0 lui faire part de leurs exp\u00e9riences, de leurs points de vue, de leurs observations et de leurs id\u00e9es afin qu'elle puisse remplir son mandat et appr\u00e9cier pleinement la mani\u00e8re dont ces questions ont affect\u00e9 les individus, les parents, les familles et le grand public.<\/p>\n\n\n\n<p class=\"has-medium-font-size\">Il y a plusieurs fa\u00e7ons de faire conna\u00eetre votre point de vue et d'apporter votre contribution, et nous vous invitons \u00e0 consulter le calendrier de la Commission :<\/p>\n\n\n\n<ul>\n<li class=\"has-medium-font-size\">animer des groupes de discussion ;<\/li>\n\n\n\n<li class=\"has-medium-font-size\">organiser des r\u00e9unions communautaires ;<\/li>\n\n\n\n<li class=\"has-medium-font-size\">recevoir des t\u00e9moignages individuels<\/li>\n\n\n\n<li class=\"has-medium-font-size\">les m\u00e9moires des parties int\u00e9ress\u00e9es sont les bienvenus.<\/li>\n<\/ul>\n\n\n\n<div class=\"wp-block-buttons is-content-justification-center is-layout-flex wp-container-core-buttons-layout-1 wp-block-buttons-is-layout-flex\">\n<div class=\"wp-block-button\"><a class=\"wp-block-button__link has-background wp-element-button\" href=\"https:\/\/www.creeyouthprotectioncommission.com\/events\/category\/general-public-consultation\/\" style=\"background-color:#2d1c4a\">Voir le calendrier des consultations<\/a><\/div>\n<\/div>","protected":false},"excerpt":{"rendered":"<p>The Commission welcomes contributions from all members of the public on their experiences, views, observations, and ideas in order to carry out its mandate and fully appreciate how these matters [&hellip;]<\/p>","protected":false},"author":5,"featured_media":451,"parent":219,"menu_order":0,"comment_status":"closed","ping_status":"closed","template":"","meta":{"footnotes":""},"_links":{"self":[{"href":"https:\/\/www.creeyouthprotectioncommission.ca\/fr\/wp-json\/wp\/v2\/pages\/274"}],"collection":[{"href":"https:\/\/www.creeyouthprotectioncommission.ca\/fr\/wp-json\/wp\/v2\/pages"}],"about":[{"href":"https:\/\/www.creeyouthprotectioncommission.ca\/fr\/wp-json\/wp\/v2\/types\/page"}],"author":[{"embeddable":true,"href":"https:\/\/www.creeyouthprotectioncommission.ca\/fr\/wp-json\/wp\/v2\/users\/5"}],"replies":[{"embeddable":true,"href":"https:\/\/www.creeyouthprotectioncommission.ca\/fr\/wp-json\/wp\/v2\/comments?post=274"}],"version-history":[{"count":8,"href":"https:\/\/www.creeyouthprotectioncommission.ca\/fr\/wp-json\/wp\/v2\/pages\/274\/revisions"}],"predecessor-version":[{"id":942,"href":"https:\/\/www.creeyouthprotectioncommission.ca\/fr\/wp-json\/wp\/v2\/pages\/274\/revisions\/942"}],"up":[{"embeddable":true,"href":"https:\/\/www.creeyouthprotectioncommission.ca\/fr\/wp-json\/wp\/v2\/pages\/219"}],"wp:featuredmedia":[{"embeddable":true,"href":"https:\/\/www.creeyouthprotectioncommission.ca\/fr\/wp-json\/wp\/v2\/media\/451"}],"wp:attachment":[{"href":"https:\/\/www.creeyouthprotectioncommission.ca\/fr\/wp-json\/wp\/v2\/media?parent=274"}],"curies":[{"name":"wp","href":"https:\/\/api.w.org\/{rel}","templated":true}]}}