{"id":324,"date":"2023-04-14T14:51:12","date_gmt":"2023-04-14T18:51:12","guid":{"rendered":"https:\/\/creeyouthprotectioncommission.ca\/?page_id=324"},"modified":"2023-08-31T00:00:15","modified_gmt":"2023-08-31T04:00:15","slug":"support-for-participants","status":"publish","type":"page","link":"https:\/\/www.creeyouthprotectioncommission.ca\/fr\/how-to-participate\/support-for-participants\/","title":{"rendered":"Soutien aux participants"},"content":{"rendered":"<h2 class=\"wp-block-heading has-text-align-left\">SOUTIEN AU GRAND PUBLIC<\/h2>\n\n\n\n<h3 class=\"wp-block-heading\">LIGNE D'ASSISTANCE W\u00ceCHIH\u00ceW\u00c2UWIN<\/h3>\n\n\n\n<figure class=\"wp-block-audio\"><audio controls src=\"https:\/\/creeyouthprotectioncommission.ca\/wp-content\/uploads\/2023\/08\/Wichihiiwaauwin-Helpline-PSA_CREE_December2022.mp3\"><\/audio><\/figure>\n\n\n\n<p class=\"has-medium-font-size\">Le service est disponible 24 heures sur 24, 7 jours sur 7. Des intervenants parlant cri et des gu\u00e9risseurs traditionnels sont \u00e9galement disponibles sur demande.&nbsp;<\/p>\n\n\n\n<p class=\"has-medium-font-size\"><a href=\"tel:1-833-632-4357\">1-833-632-4357<\/a><\/p>\n\n\n\n<div style=\"height:20px\" aria-hidden=\"true\" class=\"wp-block-spacer\"><\/div>\n\n\n\n<h2 class=\"wp-block-heading\">SOUTIEN AUX EMPLOY\u00c9S DE LA CCSSSBJ<\/h2>\n\n\n\n<h3 class=\"wp-block-heading\">LIGNE D'ASSISTANCE W\u00ceCHIH\u00ceW\u00c2UWIN<\/h3>\n\n\n\n<p class=\"has-medium-font-size\">Le service est disponible 24 heures sur 24, 7 jours sur 7. Des intervenants parlant cri et des gu\u00e9risseurs traditionnels sont \u00e9galement disponibles sur demande.&nbsp;<\/p>\n\n\n\n<p class=\"has-medium-font-size\"><a href=\"tel:1-833-632-4357\">1-833-632-4357<\/a><\/p>\n\n\n\n<div style=\"height:7px\" aria-hidden=\"true\" class=\"wp-block-spacer\"><\/div>\n\n\n\n<h3 class=\"wp-block-heading\">PROGRAMME D'AIDE AUX EMPLOY\u00c9S ET \u00c0 LEUR FAMILLE<\/h3>\n\n\n\n<p class=\"has-medium-font-size\">L'acc\u00e8s est gratuit et confidentiel aux services professionnels pour les difficult\u00e9s li\u00e9es \u00e0 la sant\u00e9 et au bien-\u00eatre psychologique.<\/p>\n\n\n\n<ul>\n<li class=\"has-medium-font-size\">24 heures sur 24, 7 jours sur 7<\/li>\n\n\n\n<li class=\"has-medium-font-size\"> disponible au choix en anglais ou en fran\u00e7ais<\/li>\n\n\n\n<li class=\"has-medium-font-size\"><a href=\"tel: (844) 880-9142\">1-844 -880-9142<\/a><\/li>\n<\/ul>","protected":false},"excerpt":{"rendered":"<p>Short description of the page<\/p>","protected":false},"author":5,"featured_media":409,"parent":219,"menu_order":0,"comment_status":"closed","ping_status":"closed","template":"","meta":{"footnotes":""},"_links":{"self":[{"href":"https:\/\/www.creeyouthprotectioncommission.ca\/fr\/wp-json\/wp\/v2\/pages\/324"}],"collection":[{"href":"https:\/\/www.creeyouthprotectioncommission.ca\/fr\/wp-json\/wp\/v2\/pages"}],"about":[{"href":"https:\/\/www.creeyouthprotectioncommission.ca\/fr\/wp-json\/wp\/v2\/types\/page"}],"author":[{"embeddable":true,"href":"https:\/\/www.creeyouthprotectioncommission.ca\/fr\/wp-json\/wp\/v2\/users\/5"}],"replies":[{"embeddable":true,"href":"https:\/\/www.creeyouthprotectioncommission.ca\/fr\/wp-json\/wp\/v2\/comments?post=324"}],"version-history":[{"count":6,"href":"https:\/\/www.creeyouthprotectioncommission.ca\/fr\/wp-json\/wp\/v2\/pages\/324\/revisions"}],"predecessor-version":[{"id":899,"href":"https:\/\/www.creeyouthprotectioncommission.ca\/fr\/wp-json\/wp\/v2\/pages\/324\/revisions\/899"}],"up":[{"embeddable":true,"href":"https:\/\/www.creeyouthprotectioncommission.ca\/fr\/wp-json\/wp\/v2\/pages\/219"}],"wp:featuredmedia":[{"embeddable":true,"href":"https:\/\/www.creeyouthprotectioncommission.ca\/fr\/wp-json\/wp\/v2\/media\/409"}],"wp:attachment":[{"href":"https:\/\/www.creeyouthprotectioncommission.ca\/fr\/wp-json\/wp\/v2\/media?parent=324"}],"curies":[{"name":"wp","href":"https:\/\/api.w.org\/{rel}","templated":true}]}}